{"id":79889,"date":"2019-03-13T14:25:44","date_gmt":"2019-03-13T13:25:44","guid":{"rendered":"http:\/\/90grad.eu\/?page_id=79889"},"modified":"2024-04-11T15:04:56","modified_gmt":"2024-04-11T13:04:56","slug":"privacy-policy","status":"publish","type":"page","link":"https:\/\/90grad.eu\/en\/privacy-policy\/","title":{"rendered":"Privacy Policy"},"content":{"rendered":"<p>[vc_row row_height_percent=&#8220;0&#8243; override_padding=&#8220;yes&#8220; h_padding=&#8220;3&#8243; top_padding=&#8220;5&#8243; bottom_padding=&#8220;3&#8243; overlay_alpha=&#8220;50&#8243; gutter_size=&#8220;3&#8243; column_width_percent=&#8220;100&#8243; shift_y=&#8220;0&#8243; z_index=&#8220;0&#8243;][vc_column column_width_percent=&#8220;100&#8243; gutter_size=&#8220;3&#8243; overlay_alpha=&#8220;50&#8243; shift_x=&#8220;0&#8243; shift_y=&#8220;0&#8243; shift_y_down=&#8220;0&#8243; z_index=&#8220;0&#8243; medium_width=&#8220;0&#8243; mobile_width=&#8220;0&#8243;][vc_custom_heading text_font=&#8220;font-130126&#8243; text_weight=&#8220;300&#8243; text_transform=&#8220;uppercase&#8220; text_space=&#8220;fontspace-210350&#8243; separator=&#8220;yes&#8220; separator_color=&#8220;yes&#8220; separator_double=&#8220;yes&#8220; mobile_visibility=&#8220;yes&#8220;]Privacy Policy[\/vc_custom_heading][vc_custom_heading text_size=&#8220;h3&#8243; text_weight=&#8220;300&#8243; text_transform=&#8220;uppercase&#8220; separator=&#8220;yes&#8220; separator_color=&#8220;yes&#8220; separator_double=&#8220;yes&#8220; desktop_visibility=&#8220;yes&#8220; medium_visibility=&#8220;yes&#8220;]Privacy Policy[\/vc_custom_heading][\/vc_column][\/vc_row][vc_row row_height_percent=&#8220;0&#8243; override_padding=&#8220;yes&#8220; h_padding=&#8220;3&#8243; top_padding=&#8220;0&#8243; bottom_padding=&#8220;5&#8243; overlay_alpha=&#8220;50&#8243; gutter_size=&#8220;3&#8243; column_width_percent=&#8220;100&#8243; shift_y=&#8220;0&#8243; z_index=&#8220;0&#8243;][vc_column column_width_percent=&#8220;100&#8243; gutter_size=&#8220;3&#8243; overlay_alpha=&#8220;50&#8243; shift_x=&#8220;0&#8243; shift_y=&#8220;0&#8243; shift_y_down=&#8220;0&#8243; z_index=&#8220;0&#8243; medium_width=&#8220;0&#8243; mobile_width=&#8220;0&#8243;][vc_column_text]<\/p>\n<h4>Datenschutzerkl\u00e4rung<\/h4>\n<p>90\u00b0 Personal GmbH<\/p>\n<h5>1. Geltungsbereich<\/h5>\n<p>Diese Datenschutzerkl\u00e4rung kl\u00e4rt Nutzer auf \u00fcber die Art, den Umfang und Zwecke der Erhebung und Verwendung personenbezogener Daten durch den verantwortlichen Anbieter, der 90\u00b0 Personal GmbH, Kaitzer Stra\u00dfe 18, 01069 Dresden (nachfolgend \u201e90\u00b0\u201c) als Betreiber der Domain https:\/\/90grad.eu (nachfolgend \u201eWebseite\u201c) bzw. der 90\u00b0 Applikation https:\/\/90grad-portal.eu (nachfolgend \u201eApp\u201c).<\/p>\n<p>Nutzer ist jede Person, welche die Webseite von 90\u00b0 besucht (nachfolgend \u201eBesucher\u201c), ein Personal-Profil angelegt hat (nachfolgend \u201eJob\u201c) angelegt hat.<\/p>\n<h5>2. Erhebung und Verarbeitung von Daten zur Protokollierung<\/h5>\n<p>Jeder Zugriff auf unsere Internetseite und jeder Abruf einer Datei wird durch unseren Webserver protokolliert. Bei diesen Daten handelt es sich nicht um personenbezogene Daten und es ist uns demzufolge nicht m\u00f6glich, aus diesen Daten R\u00fcckschl\u00fcsse auf eine nat\u00fcrliche Person zu ziehen.<\/p>\n<p>Die Protokollierung und Speicherung dient ausschlie\u00dflich internen Zwecken zur Auswertung und Verbesserung unseres Service sowie zur Messung des Webpublikums (nach Artikel 8 der europ\u00e4ischen &#8222;Verordnung \u00fcber Privatsph\u00e4re und elektronische Kommunikation&#8220;). Sollte bei 90\u00b0 im Nachhinein der Verdacht einer widerrechtlichen Nutzung aufkommen, wird 90\u00b0 die protokollierten Anfragen auswerten und widerrechtliches Verhalten zur Anzeige bringen.<\/p>\n<p>Protokolliert werden unter anderem folgende Daten: aufgerufenen URL, Referrer URL (die zuvor besuchte Seite), Datum und Uhrzeit des Abrufs, Meldung \u00fcber erfolgreichen Abruf sowie Browsertyp nebst Version.<\/p>\n<p>Bei der Nutzung der App werden zus\u00e4tzlich folgende Daten erhoben: User-ID, Android Ger\u00e4te ID oder iOS IDFA, IP-Adresse, L\u00e4ndercode, Sprache, Ger\u00e4tename, Name des Betriebssystems und -version.<\/p>\n<h5>3. Daten bei Registrierung und Nutzung des Angebots als Jobber<\/h5>\n<p>Im Rahmen der Registrierung als Jobber werden folgende personenbezogene Daten f\u00fcr die Identifizierung und Lohnabrechnung seiner Jobs ben\u00f6tigt:<\/p>\n<p>\u2022 Vorname &amp; Nachname<br \/>\n\u2022 Adresse (Stra\u00dfe + Hausnr., PLZ + Wohnort)<br \/>\n\u2022 Geburtsdatum<br \/>\n\u2022 Kontodaten (IBAN + BIC)<br \/>\n\u2022 Sozialversicherungsnummer<br \/>\n\u2022 Steuerliche Identifikationsnummer<br \/>\n\u2022 Angabe der Steuerklasse<br \/>\n\u2022 Religionszugeh\u00f6rigkeit (relevant f\u00fcr Kirchensteuer)<\/p>\n<p>Diese Daten sind f\u00fcr die Abrechnung der Eins\u00e4tze des Nutzers zwingend erforderlich, werden ausschlie\u00dflich daf\u00fcr verwendet und ausschlie\u00dflich zur Lohnabrechnung an Dritte weitergegeben.<\/p>\n<p>Au\u00dfer diesen Daten werden vom Nutzer noch seine Kontaktdaten (E-Mail-Adresse und Telefonnummer) angegeben. Die E-Mail-Adresse des Nutzers dient zur eindeutigen Identifizierung und zur M\u00f6glichkeit des Logins in seinem pers\u00f6nlichen Bereich. Die E-Mail-Adresse und die Telefonnummer werden von 90\u00b0 au\u00dferdem zur Kontaktaufnahme und vor allem dem Zusenden von Jobangeboten verwendet. Hat ein Nutzer sein verbindliches Interesse an einem Jobangebot ge\u00e4u\u00dfert, beh\u00e4lt sich 90\u00b0 die M\u00f6glichkeit vor, dem Urheber des Jobangebots die Kontaktdaten des Nutzers weiterzuleiten, um Einzelheiten zu einem Job zu besprechen. Nach der festen Buchung sendet 90\u00b0 grunds\u00e4tzlich die Kontaktdaten des Jobbers an den Urheber des Jobangebots, damit die Einzelheiten zum Job besprochen werden k\u00f6nnen.<\/p>\n<h5>4. Selektive Ver\u00f6ffentlichung von Profildaten und Bildern<\/h5>\n<p>Jobber haben auf der Plattform die M\u00f6glichkeit, eigene Daten auf 90\u00b0 selektiv zu ver\u00f6ffentlichen. Folgende Daten k\u00f6nnen durch den Nutzer entsprechend seiner im Account hinterlegten Einstellungen auf seiner pers\u00f6nlichen Unterseite angezeigt werden:<\/p>\n<p>\u2022 Vorname<br \/>\n\u2022 Alter<br \/>\n\u2022 K\u00f6rpergr\u00f6\u00dfe und Konfektionsgr\u00f6\u00dfe<br \/>\n\u2022 H\u00f6chster Bildungsabschluss<br \/>\n\u2022 Fremdsprachenkenntnisse<br \/>\n\u2022 Kenntnisse und bisherige Arbeitserfahrungen<br \/>\n\u2022 Profilbilder (die durch einen Upload bereitgestellt wurden)<br \/>\n\u2022 Einsatzberichte und Kundenbewertungen von bisherigen Jobs \u00fcber 90\u00b0<\/p>\n<p>Diese selektive Ver\u00f6ffentlichung ist freiwillig. Jobber k\u00f6nnen jederzeit ihre Profileinstellungen \u00e4ndern, so dass diese Daten nicht mehr \u00f6ffentlich angezeigt werden.<\/p>\n<h5>5. Auskunft und L\u00f6schung von Daten<\/h5>\n<p>Ein Nutzer hat jederzeit die M\u00f6glichkeit, die bei 90\u00b0 \u00fcber ihn gespeicherten Informationen nachzufragen. Des Weiteren kann er durch einen einfachen und formlosen Widerruf zur Speicherung personenbezogener Daten diese jederzeit von 90\u00b0 l\u00f6schen lassen. Es gen\u00fcgt dazu eine kurze und formlose E-Mail an die Kontaktadresse: Datenschutzbeauftragter@90grad.eu<\/p>\n<h5>6. Cookies<\/h5>\n<p>Cookies sind kleine Textdateien, die auf dem Computer eines Nutzers der Plattform abgelegt werden, um die Funktionalit\u00e4t der Plattform anbieten zu k\u00f6nnen.<\/p>\n<p>In den Cookies werden die Daten gespeichert, die es 90\u00b0 erlauben, zu \u00fcberpr\u00fcfen, ob man als Nutzer bereits auf der Plattform eingeloggt ist. Somit ist es f\u00fcr den Nutzer bei der Beendigung einer Session (beispielsweise durch das Schlie\u00dfen eines Browser-Fensters) trotzdem m\u00f6glich, angemeldet zu bleiben und sich somit nicht bei jedem Aufruf der Seite neu anmelden zu m\u00fcssen.<\/p>\n<p>Des Weiteren k\u00f6nnen die Cookies f\u00fcr die Messung des Webpublikums verwendet werden (nach Artikel 8 der europ\u00e4ischen &#8222;Verordnung \u00fcber Privatsph\u00e4re und elektronische Kommunikation&#8220;).<\/p>\n<p><script type=\"text\/javascript\" charset=\"UTF-8\" data-cookiescriptreport=\"report\" src=\"\/\/report.cookie-script.com\/r\/8fe8a3922b5e587c5a94ab82e413b24d.js\"><\/script><\/p>\n<h5>7. Verwendung von GoogleFonts<\/h5>\n<p>Auf unserer Website verwenden wir Google Fonts. Das sind die \u201eGoogle-Schriften\u201c der Firma Google Inc. F\u00fcr den europ\u00e4ischen Raum ist das Unternehmen Google Ireland Limited (Gordon House, Barrow Street Dublin 4, Irland) f\u00fcr alle Google-Dienste verantwortlich.<\/p>\n<p>F\u00fcr die Verwendung von Google-Schriftarten m\u00fcssen Sie sich nicht anmelden bzw. ein Passwort hinterlegen. Weiters werden auch keine Cookies in Ihrem Browser gespeichert. Die Dateien (CSS, Schriftarten\/Fonts) werden \u00fcber die Google-Domains fonts.googleapis.com und fonts.gstatic.com angefordert. Laut Google sind die Anfragen nach CSS und Schriften vollkommen getrennt von allen anderen Google-Diensten. Wenn Sie ein Google-Konto haben, brauchen Sie keine Sorge haben, dass Ihre Google-Kontodaten, w\u00e4hrend der Verwendung von Google Fonts, an Google \u00fcbermittelt werden. Google erfasst die Nutzung von CSS (Cascading Style Sheets) und der verwendeten Schriftarten und speichert diese Daten sicher. Wie die Datenspeicherung genau aussieht, werden wir uns noch im Detail ansehen.<\/p>\n<h6>Was sind Google Fonts?<\/h6>\n<p>Google Fonts (fr\u00fcher Google Web Fonts) ist ein Verzeichnis mit \u00fcber 800 Schriftarten, die Google Ihren Nutzern kostenlos zu Verf\u00fcgung stellen.<\/p>\n<p>Viele dieser Schriftarten sind unter der SIL Open Font License ver\u00f6ffentlicht, w\u00e4hrend andere unter der Apache-Lizenz ver\u00f6ffentlicht wurden. Beides sind freie Software-Lizenzen.<\/p>\n<h6>Warum verwenden wir Google Fonts auf unserer Webseite?<\/h6>\n<p>Mit Google Fonts k\u00f6nnen wir auf der eigenen Webseite Schriften nutzen, und m\u00fcssen sie nicht auf unserem eigenen Server hochladen. Google Fonts ist ein wichtiger Baustein, um die Qualit\u00e4t unserer Webseite hoch zu halten. Alle Google-Schriften sind automatisch f\u00fcr das Web optimiert und dies spart Datenvolumen und ist speziell f\u00fcr die Verwendung bei mobilen Endger\u00e4ten ein gro\u00dfer Vorteil. Wenn Sie unsere Seite besuchen, sorgt die niedrige Dateigr\u00f6\u00dfe f\u00fcr eine schnelle Ladezeit. Des Weiteren sind Google Fonts sichere Web Fonts. Unterschiedliche Bildsynthese-Systeme (Rendering) in verschiedenen Browsern, Betriebssystemen und mobilen Endger\u00e4ten k\u00f6nnen zu Fehlern f\u00fchren. Solche Fehler k\u00f6nnen teilweise Texte bzw. ganze Webseiten optisch verzerren. Dank des schnellen Content Delivery Network (CDN) gibt es mit Google Fonts keine plattform\u00fcbergreifenden Probleme. Google Fonts unterst\u00fctzt alle g\u00e4ngigen Browser (Google Chrome, Mozilla Firefox, Apple Safari, Opera) und funktioniert zuverl\u00e4ssig auf den meisten modernen mobilen Betriebssystemen, einschlie\u00dflich Android 2.2+ und iOS 4.2+ (iPhone, iPad, iPod). Wir verwenden die Google Fonts also, damit wir unser gesamtes Online-Service so sch\u00f6n und einheitlich wie m\u00f6glich darstellen k\u00f6nnen.<\/p>\n<h6>Welche Daten werden von Google gespeichert?<\/h6>\n<p>Wenn Sie unsere Webseite besuchen, werden die Schriften \u00fcber einen Google-Server nachgeladen. Durch diesen externen Aufruf werden Daten an die Google-Server \u00fcbermittelt. So erkennt Google auch, dass Sie bzw. Ihre IP-Adresse unsere Webseite besucht. Die Google Fonts API wurde entwickelt, um Verwendung, Speicherung und Erfassung von Endnutzerdaten auf das zu reduzieren, was f\u00fcr eine ordentliche Bereitstellung von Schriften n\u00f6tig ist. API steht \u00fcbrigens f\u00fcr \u201eApplication Programming Interface\u201c und dient unter anderem als Daten\u00fcbermittler im Softwarebereich.<\/p>\n<p>Google Fonts speichert CSS- und Schrift-Anfragen sicher bei Google und ist somit gesch\u00fctzt. Durch die gesammelten Nutzungszahlen kann Google feststellen, wie gut die einzelnen Schriften ankommen. Die Ergebnisse ver\u00f6ffentlicht Google auf internen Analyseseiten, wie beispielsweise Google Analytics. Zudem verwendet Google auch Daten des eigenen Web-Crawlers, um festzustellen, welche Webseiten Google-Schriften verwenden. Diese Daten werden in der BigQuery-Datenbank von Google Fonts ver\u00f6ffentlicht. Unternehmer und Entwickler n\u00fctzen das Google-Webservice BigQuery, um gro\u00dfe Datenmengen untersuchen und bewegen zu k\u00f6nnen.<\/p>\n<p>Zu bedenken gilt allerdings noch, dass durch jede Google Font Anfrage auch Informationen wie Spracheinstellungen, IP-Adresse, Version des Browsers, Bildschirmaufl\u00f6sung des Browsers und Name des Browsers automatisch an die Google-Server \u00fcbertragen werden. Ob diese Daten auch gespeichert werden, ist nicht klar feststellbar bzw. wird von Google nicht eindeutig kommuniziert.<\/p>\n<h6>Wie lange und wo werden die Daten gespeichert?<\/h6>\n<p>Anfragen f\u00fcr CSS-Assets speichert Google einen Tag lang auf seinen Servern, die haupts\u00e4chlich au\u00dferhalb der EU angesiedelt sind. Das erm\u00f6glicht uns, mithilfe eines Google-Stylesheets die Schriftarten zu nutzen. Ein Stylesheet ist eine Formatvorlage, \u00fcber die man einfach und schnell z.B. das Design bzw. die Schriftart einer Webseite \u00e4ndern kann.<\/p>\n<p>Die Font-Dateien werden bei Google ein Jahr gespeichert. Google verfolgt damit das Ziel, die Ladezeit von Webseiten grunds\u00e4tzlich zu verbessern. Wenn Millionen von Webseiten auf die gleichen Schriften verweisen, werden sie nach dem ersten Besuch zwischengespeichert und erscheinen sofort auf allen anderen sp\u00e4ter besuchten Webseiten wieder. Manchmal aktualisiert Google Schriftdateien, um die Dateigr\u00f6\u00dfe zu reduzieren, die Abdeckung von Sprache zu erh\u00f6hen und das Design zu verbessern.<\/p>\n<h6>Wie kann ich meine Daten l\u00f6schen bzw. die Datenspeicherung verhindern?<\/h6>\n<p>Jene Daten, die Google f\u00fcr einen Tag bzw. ein Jahr speichert k\u00f6nnen nicht einfach gel\u00f6scht werden. Die Daten werden beim Seitenaufruf automatisch an Google \u00fcbermittelt. Um diese Daten vorzeitig l\u00f6schen zu k\u00f6nnen, m\u00fcssen Sie den Google-Support auf<a href=\"https:\/\/support.google.com\/?hl=de&amp;tid=211140514\"> https:\/\/support.google.com\/?hl=de&amp;tid=211140514<\/a> kontaktieren. Datenspeicherung verhindern Sie in diesem Fall nur, wenn Sie unsere Seite nicht besuchen.<\/p>\n<p>Anders als andere Web-Schriften erlaubt uns Google uneingeschr\u00e4nkten Zugriff auf alle Schriftarten. Wir k\u00f6nnen also unlimitiert auf ein Meer an Schriftarten zugreifen und so das Optimum f\u00fcr unsere Webseite rausholen. Mehr zu Google Fonts und weiteren Fragen finden Sie auf <a href=\"https:\/\/developers.google.com\/fonts\/faq?tid=211140514\">https:\/\/developers.google.com\/fonts\/faq?tid=211140514<\/a>. Dort geht zwar Google auf datenschutzrelevante Angelegenheiten ein, doch wirklich detaillierte Informationen \u00fcber Datenspeicherung sind nicht enthalten. Es ist relativ schwierig, von Google wirklich pr\u00e4zise Informationen \u00fcber gespeicherten Daten zu bekommen.<\/p>\n<p>Welche Daten grunds\u00e4tzlich von Google erfasst werden und wof\u00fcr diese Daten verwendet werden, k\u00f6nnen Sie auch auf <a href=\"https:\/\/www.google.com\/intl\/de\/policies\/privacy\/\">https:\/\/www.google.com\/intl\/de\/policies\/privacy\/<\/a> nachlesen.<\/p>\n<p>Quelle: Erstellt\u00a0mit dem\u00a0<a title=\"Datenschutz Generator von firmenwebseiten.at\" href=\"https:\/\/www.firmenwebseiten.at\/datenschutz-generator\/\" target=\"_blank\" rel=\"follow noopener noreferrer\">Datenschutz Generator<\/a> von firmenwebseiten.at\u00a0in Kooperation mit <a class=\"external\" title=\"\" href=\"https:\/\/www.newspartner.at\" target=\"_blank\" rel=\"follow noopener noreferrer\">newspartner.at<\/a><\/p>\n<h5>8. \u00c4nderungen der Datenschutzerkl\u00e4rung<\/h5>\n<p>90\u00b0 ist berechtigt, diese Datenschutzbestimmungen unter Beachtung der geltenden Vorschriften zu \u00e4ndern. Wenn Sie Fragen zu den Datenschutzbestimmungen haben, dann z\u00f6gern Sie bitte nicht uns eine Nachricht zu senden bzw. uns anzurufen unter: <a href=\"mailto:datenschutzbeauftragter@90grad.eu\">datenschutzbeauftragter@90grad.eu<\/a><\/p>\n<p>zuletzt \u00fcberarbeitet am 27.01.2021[\/vc_column_text][\/vc_column][\/vc_row]<\/p>\n","protected":false},"excerpt":{"rendered":"<p>[vc_row row_height_percent=&#8220;0&#8243; override_padding=&#8220;yes&#8220; h_padding=&#8220;3&#8243; top_padding=&#8220;5&#8243; bottom_padding=&#8220;3&#8243; overlay_alpha=&#8220;50&#8243; gutter_size=&#8220;3&#8243; column_width_percent=&#8220;100&#8243; shift_y=&#8220;0&#8243; z_index=&#8220;0&#8243;][vc_column column_width_percent=&#8220;100&#8243; gutter_size=&#8220;3&#8243; overlay_alpha=&#8220;50&#8243; shift_x=&#8220;0&#8243; shift_y=&#8220;0&#8243; shift_y_down=&#8220;0&#8243; z_index=&#8220;0&#8243; medium_width=&#8220;0&#8243; mobile_width=&#8220;0&#8243;][vc_custom_heading [&hellip;]<\/p>\n","protected":false},"author":1,"featured_media":0,"parent":0,"menu_order":4,"comment_status":"closed","ping_status":"closed","template":"","meta":[],"_links":{"self":[{"href":"https:\/\/90grad.eu\/en\/wp-json\/wp\/v2\/pages\/79889"}],"collection":[{"href":"https:\/\/90grad.eu\/en\/wp-json\/wp\/v2\/pages"}],"about":[{"href":"https:\/\/90grad.eu\/en\/wp-json\/wp\/v2\/types\/page"}],"author":[{"embeddable":true,"href":"https:\/\/90grad.eu\/en\/wp-json\/wp\/v2\/users\/1"}],"replies":[{"embeddable":true,"href":"https:\/\/90grad.eu\/en\/wp-json\/wp\/v2\/comments?post=79889"}],"version-history":[{"count":1,"href":"https:\/\/90grad.eu\/en\/wp-json\/wp\/v2\/pages\/79889\/revisions"}],"predecessor-version":[{"id":80985,"href":"https:\/\/90grad.eu\/en\/wp-json\/wp\/v2\/pages\/79889\/revisions\/80985"}],"wp:attachment":[{"href":"https:\/\/90grad.eu\/en\/wp-json\/wp\/v2\/media?parent=79889"}],"curies":[{"name":"wp","href":"https:\/\/api.w.org\/{rel}","templated":true}]}}